{"id":636,"date":"2012-03-11T23:03:37","date_gmt":"2012-03-11T22:03:37","guid":{"rendered":"https:\/\/lorrikeet.radtke-archiv.de\/?page_id=636"},"modified":"2020-06-13T22:13:52","modified_gmt":"2020-06-13T20:13:52","slug":"fuhrerscheinwissen","status":"publish","type":"page","link":"https:\/\/lorrikeet.de\/?page_id=636","title":{"rendered":"F\u00fchrerscheinwissen"},"content":{"rendered":"<p><span style=\"font-family: Arial;\"><span style=\"font-family: Arial;\">Anfang 2006 haben wir unsere Funksprechzeugnisse und die Binnenf\u00fchrerscheine gemacht. Dabei sind mehrere Mindmaps entstanden, die wir in der Vergangenheit verf\u00fcgbar gemacht hatten. Da sich die Fragenkataloge ge\u00e4ndert haben, nehmen wir sie nun offline.<br \/>\n<\/span><\/span><\/p>\n<p>Derzeit haben wir den <a title=\"Sportseeschiffer\" href=\"https:\/\/lorrikeet.de\/?page_id=1187\">Sportseeschiffer<\/a> in Angriff genommen. Themen, die uns dazu noch besonders besch\u00e4ftigen werden, bekommen eine entsprechende Seite spendiert.<\/p>\n","protected":false},"excerpt":{"rendered":"<p>Anfang 2006 haben wir unsere Funksprechzeugnisse und die Binnenf\u00fchrerscheine gemacht. Dabei sind mehrere Mindmaps entstanden, die wir in der Vergangenheit verf\u00fcgbar gemacht hatten. Da sich die Fragenkataloge ge\u00e4ndert haben, nehmen wir sie nun offline. Derzeit haben wir den Sportseeschiffer in &hellip; <a href=\"https:\/\/lorrikeet.de\/?page_id=636\">Weiterlesen <span class=\"meta-nav\">&rarr;<\/span><\/a><\/p>\n","protected":false},"author":2,"featured_media":0,"parent":0,"menu_order":0,"comment_status":"open","ping_status":"closed","template":"","meta":{"footnotes":""},"class_list":["post-636","page","type-page","status-publish","hentry"],"_links":{"self":[{"href":"https:\/\/lorrikeet.de\/index.php?rest_route=\/wp\/v2\/pages\/636","targetHints":{"allow":["GET"]}}],"collection":[{"href":"https:\/\/lorrikeet.de\/index.php?rest_route=\/wp\/v2\/pages"}],"about":[{"href":"https:\/\/lorrikeet.de\/index.php?rest_route=\/wp\/v2\/types\/page"}],"author":[{"embeddable":true,"href":"https:\/\/lorrikeet.de\/index.php?rest_route=\/wp\/v2\/users\/2"}],"replies":[{"embeddable":true,"href":"https:\/\/lorrikeet.de\/index.php?rest_route=%2Fwp%2Fv2%2Fcomments&post=636"}],"version-history":[{"count":13,"href":"https:\/\/lorrikeet.de\/index.php?rest_route=\/wp\/v2\/pages\/636\/revisions"}],"predecessor-version":[{"id":4269,"href":"https:\/\/lorrikeet.de\/index.php?rest_route=\/wp\/v2\/pages\/636\/revisions\/4269"}],"wp:attachment":[{"href":"https:\/\/lorrikeet.de\/index.php?rest_route=%2Fwp%2Fv2%2Fmedia&parent=636"}],"curies":[{"name":"wp","href":"https:\/\/api.w.org\/{rel}","templated":true}]}}