{"id":610,"date":"2012-03-05T23:00:25","date_gmt":"2012-03-05T22:00:25","guid":{"rendered":"https:\/\/lorrikeet.radtke-archiv.de\/?page_id=610"},"modified":"2020-06-12T23:11:37","modified_gmt":"2020-06-12T21:11:37","slug":"lorrikeets-kochbuch","status":"publish","type":"page","link":"https:\/\/lorrikeet.de\/?page_id=610","title":{"rendered":"Lorrikeets Kochbuch"},"content":{"rendered":"<p>Auf unserem vorherigen Schiff haben wir angefangen, in einem kleinen B\u00fcchlein Rezepte zu sammeln, die sich auf einem zweiflammigen Kocher an Bord zubereiten lassen. Dies waren zu Beginn Rezepte aus verschiedenen Kochb\u00fcchern, sp\u00e4ter kamen eigene Kreationen hinzu, die wir dann nach den jeweiligen Orten benannt haben, an denen sie entstanden sind. Das Kochbuch haben wir mitgenommen und es ist nun an Bord von Lorrikeet. Da Lorrikeet auch \u00fcber einen Backofen verf\u00fcgt, erweitert sich nun die m\u00f6gliche Palette an Rezepten.<\/p>\n<p>Hier nun erst einmal<\/p>\n<h1>K\u00e4pt&#8217;n Knurrhahns Verm\u00e4chtnis an Lorrikeet:<\/h1>\n<p><span style=\"font-family: Arial;\">Noch etwas zur Ausstattung von Knurrhahns Bordk\u00fcche: Diese bestand n\u00e4mlich nur aus einem zweiflammigen Petroleumkocher. Es gab weder Backofen, Mikrowelle, K\u00fchlschrank, Sp\u00fcle, K\u00fcchenmaschine oder ausgedehnte Arbeitsfl\u00e4chen. Zum Sp\u00fclen namen wir eine Sch\u00fcssel und einen Wasserkanister. Gearbeitet wurde auf der Treppe, drau\u00dfen im Cockpit oder mit einem Brett auf den Knien. Gek\u00fchlt wurde in der Bilsch. Getr\u00e4nke konnten auch ins Wasser geh\u00e4ngt werden oder in einem nassen Beutel in den Wind.<br \/>\nEs gab zwei Aluminiumkocht\u00f6pfe, einen kleinen Wok und eine kleine Pfanne.<\/span><\/p>\n<h2>Festmahl zum Aufriggen<\/h2>\n<p><span style=\"font-family: Arial;\"><span style=\"font-family: Arial;\">f\u00fcr 2 Personen<\/span><\/span><\/p>\n<p><em>1 kg Spargel<br \/>\n6 Scheiben Schinken<br \/>\n1 Ei<br \/>\netwas Butter<br \/>\nMehl<br \/>\netwas Milch<br \/>\nSalz<br \/>\nPfeffer<br \/>\n1 Flasche Wei\u00dfwein<\/em><\/p>\n<p>Spargel vom Kopf her sch\u00e4len, Ende 2 cm abschneiden, in Salzwasser mit etwas Zucker und Butter ca. 20 Minuten kochen.<br \/>\nIn einem zweiten Topf die Butter zerlassen, Mehl dazu, etwas ziehen lassen. Mit Wein, Wasser (Milch) abl\u00f6schen.<br \/>\n1 Ei verquirlen und unterr\u00fchren. Mit Salz und Pfeffer abschmecken.<br \/>\nSchinkenscheiben aufrollen und auf die Teller verteilen.<br \/>\nDie Spargelstangen danebenlegen und mit der So\u00dfe \u00fcbergie\u00dfen.<\/p>\n<p><strong>Dieses Essen gibt es traditionell zu Beginn der Saison, nicht nur weil dann Spargelzeit ist, sondern auch um das Setzen des Mastes (auch als Spargel bezeichnet) zu feiern. Eine echte Hollandaise ist an Bord kaum zuzubereiten. Oft helfen wir uns auch mit einer Fertigso\u00dfe, die wir geschmacklich noch etwas aufpeppen.<\/strong><\/p>\n<p><em>Tipp: Eier halten l\u00e4nger, wenn sie mit Fett eingerieben werden, da dann kein Sauerstoff durch die Schale dringt.<\/em><\/p>\n<p>&#8212;&#8211;<\/p>\n<h2>Pilztopf<\/h2>\n<div id=\"attachment_1544\" style=\"width: 210px\" class=\"wp-caption alignright\"><a href=\"https:\/\/lorrikeet.de\/wp-content\/uploads\/2012\/03\/DSCI0578.jpg\" data-lbwps-width=\"500\" data-lbwps-height=\"375\" data-lbwps-srcsmall=\"https:\/\/lorrikeet.de\/wp-content\/uploads\/2012\/03\/DSCI0578-300x225.jpg\" data-lbwps-caption=\"Die Zutaten\"><img decoding=\"async\" aria-describedby=\"caption-attachment-1544\" class=\"wp-image-1544   \" alt=\"Die Zutaten\" src=\"https:\/\/lorrikeet.de\/wp-content\/uploads\/2012\/03\/DSCI0578-150x150.jpg\" width=\"200\" height=\"150\" srcset=\"https:\/\/lorrikeet.de\/wp-content\/uploads\/2012\/03\/DSCI0578-300x225.jpg 300w, https:\/\/lorrikeet.de\/wp-content\/uploads\/2012\/03\/DSCI0578.jpg 500w\" sizes=\"(max-width: 200px) 100vw, 200px\" \/><\/a><p id=\"caption-attachment-1544\" class=\"wp-caption-text\">Die Zutaten<\/p><\/div>\n<p><span style=\"font-family: Arial;\"><span style=\"font-family: Arial;\"><em>Speck<br \/>\nharte Mettwurst<br \/>\nZwiebeln<br \/>\nChampignons<br \/>\nKnoblauch<br \/>\nOliven\u00f6l<br \/>\nSchwarzbrot<br \/>\nPfeffer<br \/>\n(evtl. Salz, Wein, Ei, Milch, Mehl)<\/em><\/span><\/span><\/p>\n<div id=\"attachment_1545\" style=\"width: 210px\" class=\"wp-caption alignleft\"><a href=\"https:\/\/lorrikeet.de\/wp-content\/uploads\/2012\/03\/DSCI0579.jpg\" data-lbwps-width=\"500\" data-lbwps-height=\"375\" data-lbwps-srcsmall=\"https:\/\/lorrikeet.de\/wp-content\/uploads\/2012\/03\/DSCI0579-300x225.jpg\"><img decoding=\"async\" aria-describedby=\"caption-attachment-1545\" class=\"wp-image-1545 \" title=\"Die Unterlage\" alt=\"\" src=\"https:\/\/lorrikeet.de\/wp-content\/uploads\/2012\/03\/DSCI0579-300x225.jpg\" width=\"200\" height=\"150\" srcset=\"https:\/\/lorrikeet.de\/wp-content\/uploads\/2012\/03\/DSCI0579-300x225.jpg 300w, https:\/\/lorrikeet.de\/wp-content\/uploads\/2012\/03\/DSCI0579.jpg 500w\" sizes=\"(max-width: 200px) 100vw, 200px\" \/><\/a><p id=\"caption-attachment-1545\" class=\"wp-caption-text\">Die Unterlage<\/p><\/div>\n<p>Speck und Wurst kleinschneiden und in \u00d6l anbraten.<br \/>\nZwiebeln in Ringe schneiden und mit den Champignons dazugeben.<br \/>\nAbschmecken. Eventuell die Sauce binden.<br \/>\nDazu gibt es Schwarzbrot.<\/p>\n<p><strong><em>Tipp: Brot eignet sich hervorragend als Beilage.<\/em><\/strong><\/p>\n<div id=\"attachment_1546\" style=\"width: 210px\" class=\"wp-caption alignright\"><a href=\"https:\/\/lorrikeet.de\/wp-content\/uploads\/2012\/03\/DSCI0580.jpg\" data-lbwps-width=\"500\" data-lbwps-height=\"375\" data-lbwps-srcsmall=\"https:\/\/lorrikeet.de\/wp-content\/uploads\/2012\/03\/DSCI0580-300x225.jpg\"><img decoding=\"async\" aria-describedby=\"caption-attachment-1546\" class=\" wp-image-1546    \" title=\"Guten Appetit!\" alt=\"\" src=\"https:\/\/lorrikeet.de\/wp-content\/uploads\/2012\/03\/DSCI0580-300x225.jpg\" width=\"200\" height=\"150\" srcset=\"https:\/\/lorrikeet.de\/wp-content\/uploads\/2012\/03\/DSCI0580-300x225.jpg 300w, https:\/\/lorrikeet.de\/wp-content\/uploads\/2012\/03\/DSCI0580.jpg 500w\" sizes=\"(max-width: 200px) 100vw, 200px\" \/><\/a><p id=\"caption-attachment-1546\" class=\"wp-caption-text\">Guten Appetit!<\/p><\/div>\n<p>&nbsp;<\/p>\n<p>Nat\u00fcrlich l\u00e4sst sich dies auch zu Hause zubereiten, so wie es Marion aus Schwerin getan hat, die uns freundlicherweise diese Fotos zur Illustration geschickt hat &#8211; Vielen Dank!<\/p>\n<p>&nbsp;<\/p>\n<p>&nbsp;<\/p>\n<p>&#8212;&#8212;<\/p>\n<h2>Elbkiesel mit Rotalgen<\/h2>\n<h2><small>(Mettkl\u00f6\u00dfe mit Paprika und Reis)<\/small><\/h2>\n<p><span style=\"font-family: Arial;\"><span style=\"font-family: Arial;\">f\u00fcr 2 Personen<\/span><\/span><\/p>\n<p><em>200g gemischtes Mett<br \/>\n2 rote Paprika<br \/>\nReis<br \/>\n1 Ei<br \/>\n1 altes Br\u00f6tchen (oder Paniermehl oder 2 Scheiben Kn\u00e4ckebrot)<br \/>\nSahne oder Schmand<br \/>\nOliven\u00f6l<br \/>\nPetersilie (ggf. weitere Kr\u00e4uter)<br \/>\nPaprikapulver<br \/>\nSalz<br \/>\nPfeffer<\/em><\/p>\n<p>Mett, Ei , kleingehackte Petersilie und eingeweichtes Br\u00f6tchen mischen und w\u00fcrzen, kleine Kl\u00f6\u00dfe formen und in \u00d6l braten.<br \/>\nPaprika in Streifen schneiden und mit anbraten. Mit etwas Wasser abl\u00f6schen, schmoren lassen, w\u00fcrzen.<br \/>\nWenn alles gar ist, den Topf vom Feuer nehmen, etwas Sahne untermischen und mit Reis servieren.<\/p>\n<p><strong>Wie unschwer zu raten ist, entstand dieses Rezept auf einer Elbtour.<br \/>\nZugegeben: Kiesel und Rotalgen haben wir auf der Elbe bislang nur in unserem Kochtopf gesichtet \ud83d\ude09<\/strong><\/p>\n<p>&#8212;&#8212;<\/p>\n<h2>Freiburger Suppe<\/h2>\n<p><span style=\"font-family: Arial;\"><span style=\"font-family: Arial;\">f\u00fcr 2 gute Esser<\/span><\/span><\/p>\n<p><em>6 Mohrr\u00fcben<br \/>\n1 Zucchini<br \/>\nje 1 handvoll getrocknete Erbsen, Linsen und Reis<br \/>\n3 TL Gem\u00fcsebr\u00fchpulver<br \/>\n1 Dose Schweinefleisch im eigenen Saft<br \/>\n1 Lorbeerblatt<br \/>\n1 Chilischote<br \/>\n1,5 l Wasser<br \/>\nPfeffer<br \/>\nPetersilie<br \/>\nSherry<\/em><\/p>\n<p>Erbsen und Linsen rechtzeitig vorher einweichen. Fleisch kleinschneiden und mit der Chilischote im Topf anbraten, mit dem Wasser abl\u00f6schen.<br \/>\nLorbeerblatt und Br\u00fchpulver zugeben, aufkochen, Reis, Erbsen und Linsen zugeben.<br \/>\nM\u00f6hren kleinschneiden und hinzugeben. Wenn die M\u00f6hren gar sind, die Zucchini klein raspeln und zugeben.<br \/>\nWenn alles gar ist, den Topf vom Feuer nehmen. Mit Pfeffer w\u00fcrzen. Einen Schuss Sherry und kleingehackte Petersilie unterr\u00fchren.<\/p>\n<p><strong>Freiburg ist eine kleine Stadt an der Elbe. Die Wassertiefe der Baggerrinne ist sehr gering und so ist selbst f\u00fcr den Knurrhahn<br \/>\nein Ausflug eher riskant. Wir haben diesen nervenaufreibenden Besuch in Freiburg nur einmal gemacht. Danach brauchten wir ein deftiges Essen,<br \/>\num unsere Nerven wieder zu beruhigen und so entstand die Freiburger Suppe.<\/strong><\/p>\n<p><em>Tipp: getrocknete H\u00fclsenfr\u00fcchte halten sehr lange und sind eine gute Grundlage f\u00fcr einen Eintopf.<br \/>\nGem\u00fcse und Obst halten sich an Bord am Besten wenn sie luftig aufbewahrt werden, also in Papiert\u00fcten oder im Leinenbeutel.<\/em><\/p>\n<h2>&#8212;&#8211;<\/h2>\n<h2>Friedrichst\u00e4dter Fr\u00fcchtereis<\/h2>\n<p><em>Basmatireis<br \/>\nButterschmalz<br \/>\ngr\u00fcner Kardamom<br \/>\nZimt<br \/>\nNelken<br \/>\nSalz<br \/>\nZucker<br \/>\nObst (Erdbeeren, Johannisbeeren, Pfirsich,&#8230;)<\/em><\/p>\n<p>Reis waschen. Kardamom, Zimt, Nelken, Zucker und Reis in Butterschmalz anbraten.<br \/>\nWasser hinzugeben und den Deckel auf den Topf legen.Auf kleine Flamme drehen bis der Reis gar ist.<br \/>\nObst putzen und kleinschneiden. In einem Topf mit etwas Zucker kurz erhitzen.<\/p>\n","protected":false},"excerpt":{"rendered":"<p>Auf unserem vorherigen Schiff haben wir angefangen, in einem kleinen B\u00fcchlein Rezepte zu sammeln, die sich auf einem zweiflammigen Kocher an Bord zubereiten lassen. Dies waren zu Beginn Rezepte aus verschiedenen Kochb\u00fcchern, sp\u00e4ter kamen eigene Kreationen hinzu, die wir dann &hellip; <a href=\"https:\/\/lorrikeet.de\/?page_id=610\">Weiterlesen <span class=\"meta-nav\">&rarr;<\/span><\/a><\/p>\n","protected":false},"author":2,"featured_media":0,"parent":0,"menu_order":0,"comment_status":"open","ping_status":"closed","template":"","meta":{"footnotes":""},"class_list":["post-610","page","type-page","status-publish","hentry"],"_links":{"self":[{"href":"https:\/\/lorrikeet.de\/index.php?rest_route=\/wp\/v2\/pages\/610","targetHints":{"allow":["GET"]}}],"collection":[{"href":"https:\/\/lorrikeet.de\/index.php?rest_route=\/wp\/v2\/pages"}],"about":[{"href":"https:\/\/lorrikeet.de\/index.php?rest_route=\/wp\/v2\/types\/page"}],"author":[{"embeddable":true,"href":"https:\/\/lorrikeet.de\/index.php?rest_route=\/wp\/v2\/users\/2"}],"replies":[{"embeddable":true,"href":"https:\/\/lorrikeet.de\/index.php?rest_route=%2Fwp%2Fv2%2Fcomments&post=610"}],"version-history":[{"count":16,"href":"https:\/\/lorrikeet.de\/index.php?rest_route=\/wp\/v2\/pages\/610\/revisions"}],"predecessor-version":[{"id":2939,"href":"https:\/\/lorrikeet.de\/index.php?rest_route=\/wp\/v2\/pages\/610\/revisions\/2939"}],"wp:attachment":[{"href":"https:\/\/lorrikeet.de\/index.php?rest_route=%2Fwp%2Fv2%2Fmedia&parent=610"}],"curies":[{"name":"wp","href":"https:\/\/api.w.org\/{rel}","templated":true}]}}