{"id":24,"date":"2008-08-26T20:00:15","date_gmt":"2008-08-26T18:00:15","guid":{"rendered":"https:\/\/lorrikeet.radtke-archiv.de\/?page_id=24"},"modified":"2020-06-05T11:27:57","modified_gmt":"2020-06-05T09:27:57","slug":"kontakt","status":"publish","type":"page","link":"https:\/\/lorrikeet.de\/?page_id=24","title":{"rendered":"Kontakt"},"content":{"rendered":"<p>Ein G\u00e4stebuch hat Lorrikeet nicht, aber es k\u00f6nnen alle Beitr\u00e4ge kommentiert werden. Dazu ist eine Registrierung mit Name und E-Mail Adresse erforderlich. Dies ist nur erforderlich, um Spam zu vermeiden. Wir verwerten diese Daten in keiner Weise und geben sie an niemanden weiter. Wer sich registrieren m\u00f6chte, kontaktiert uns bitte direkt.<\/p>\n<p>Die Crew von Lorrikeet und Betreiber dieser Homepage ist erreichbar \u00fcber <a href=\"mailto:crew@lorrikeet.de\">E-mail<\/a><\/p>\n<p>W\u00e4hrend der Saison sind wir auch \u00fcber Seefunk zu erreichen. Unsere MMSI lautet 211537100<\/p>\n","protected":false},"excerpt":{"rendered":"<p>Ein G\u00e4stebuch hat Lorrikeet nicht, aber es k\u00f6nnen alle Beitr\u00e4ge kommentiert werden. Dazu ist eine Registrierung mit Name und E-Mail Adresse erforderlich. Dies ist nur erforderlich, um Spam zu vermeiden. Wir verwerten diese Daten in keiner Weise und geben sie &hellip; <a href=\"https:\/\/lorrikeet.de\/?page_id=24\">Weiterlesen <span class=\"meta-nav\">&rarr;<\/span><\/a><\/p>\n","protected":false},"author":2,"featured_media":0,"parent":0,"menu_order":0,"comment_status":"open","ping_status":"closed","template":"","meta":{"footnotes":""},"class_list":["post-24","page","type-page","status-publish","hentry"],"_links":{"self":[{"href":"https:\/\/lorrikeet.de\/index.php?rest_route=\/wp\/v2\/pages\/24","targetHints":{"allow":["GET"]}}],"collection":[{"href":"https:\/\/lorrikeet.de\/index.php?rest_route=\/wp\/v2\/pages"}],"about":[{"href":"https:\/\/lorrikeet.de\/index.php?rest_route=\/wp\/v2\/types\/page"}],"author":[{"embeddable":true,"href":"https:\/\/lorrikeet.de\/index.php?rest_route=\/wp\/v2\/users\/2"}],"replies":[{"embeddable":true,"href":"https:\/\/lorrikeet.de\/index.php?rest_route=%2Fwp%2Fv2%2Fcomments&post=24"}],"version-history":[{"count":12,"href":"https:\/\/lorrikeet.de\/index.php?rest_route=\/wp\/v2\/pages\/24\/revisions"}],"predecessor-version":[{"id":2834,"href":"https:\/\/lorrikeet.de\/index.php?rest_route=\/wp\/v2\/pages\/24\/revisions\/2834"}],"wp:attachment":[{"href":"https:\/\/lorrikeet.de\/index.php?rest_route=%2Fwp%2Fv2%2Fmedia&parent=24"}],"curies":[{"name":"wp","href":"https:\/\/api.w.org\/{rel}","templated":true}]}}