{"id":1187,"date":"2013-04-10T23:51:01","date_gmt":"2013-04-10T21:51:01","guid":{"rendered":"https:\/\/lorrikeet.radtke-archiv.de\/?page_id=1187"},"modified":"2020-06-12T23:12:35","modified_gmt":"2020-06-12T21:12:35","slug":"sportseeschiffer","status":"publish","type":"page","link":"https:\/\/lorrikeet.de\/?page_id=1187","title":{"rendered":"Sportseeschiffer"},"content":{"rendered":"<h1>Die Steuertabelle<\/h1>\n<p>hat definitiv nichts mit der Einkommenssteuer zu tun,\u00a0 sondern gibt an, welcher Kompasskurs bei einem vorgegebenem missweisendem Kurs zu steuern ist. Sie wird graphisch aus der \u00fcber dem Kompasskurs aufgetragenen Ablenkung des Kompass&#8216; ermittelt. Dabei hat mich die Art und Weise zu Beginn sehr irritiert. Nun denke ich, dass mir die Sache klar ist und versuche es hier graphisch zu erl\u00e4utern:<\/p>\n<div id=\"attachment_1192\" style=\"width: 591px\" class=\"wp-caption alignleft\"><a href=\"https:\/\/lorrikeet.de\/wp-content\/uploads\/2013\/04\/Ablenkung.jpeg\" data-lbwps-width=\"672\" data-lbwps-height=\"463\" data-lbwps-srcsmall=\"https:\/\/lorrikeet.de\/wp-content\/uploads\/2013\/04\/Ablenkung-300x207.jpeg\" data-lbwps-caption=\"Umwandlung zwischen Kompasskurs und missweisendem Kurs\"><img decoding=\"async\" aria-describedby=\"caption-attachment-1192\" class=\" wp-image-1192   \" src=\"https:\/\/lorrikeet.de\/wp-content\/uploads\/2013\/04\/Ablenkung.jpeg\" alt=\"Umwandlung zwischen Kompasskurs und missweisendem Kurs\" width=\"581\" height=\"400\" srcset=\"https:\/\/lorrikeet.de\/wp-content\/uploads\/2013\/04\/Ablenkung.jpeg 672w, https:\/\/lorrikeet.de\/wp-content\/uploads\/2013\/04\/Ablenkung-300x207.jpeg 300w\" sizes=\"(max-width: 581px) 100vw, 581px\" \/><\/a><p id=\"caption-attachment-1192\" class=\"wp-caption-text\">Umwandlung zwischen Kompasskurs und missweisendem Kurs<\/p><\/div>\n<p>In der Kurve ist die Ablenkung \u00fcber dem Kompasskurs aufgetragen. Dabei habe ich hier f\u00fcr die Ablenkung und den Kurs denselben Massstab verwendet, um das Prinzip zu verdeutlichen. Um aus dem Kompasskurs den missweisenden Kurs zu bestimmen, muss die Ablenkung hinzu addiert werden. Dies verdeutlichen die gr\u00fcnen Pfeile:\u00a0 Die aus der Kurve ermittelte Ablenkung wird hinzu addiert. Das hei\u00dft, es ergibt sich ein gleichschenkliges Dreieck.<\/p>\n<p>\u00dcber den umgekehrten Weg (rote Pfeile) ergibt sich aus dem missweisenden Kurs der zu steuernde Kompasskurs.<\/p>\n<h1>Die Karte Nr. 1<\/h1>\n<p>Nachdem wir im Kurs auch die Karte Nr. 1 gekauft hatten, habe ich diese mal mit der aktuell vorhandenen Karte an Bord von Lorrikeet verglichen. Diese ist von 1980 (!) und ist wesentlich kleiner und d\u00fcnner und das liegt nicht nur an Schriftart und -gr\u00f6\u00dfe sondern auch am Inhalt.\u00a0 Damit ist beschlossen:\u00a0 Sie wird ausgetauscht!<\/p>\n<p>Zum Vergleich hier einmal die Abschnitte zum Thema Nebelsignale:<\/p>\n<div id=\"attachment_1397\" style=\"width: 310px\" class=\"wp-caption alignleft\"><a href=\"https:\/\/lorrikeet.de\/wp-content\/uploads\/2013\/04\/IMGP1305230016_sw.jpg\" data-lbwps-width=\"1280\" data-lbwps-height=\"960\" data-lbwps-srcsmall=\"https:\/\/lorrikeet.de\/wp-content\/uploads\/2013\/04\/IMGP1305230016_sw-300x225.jpg\" data-lbwps-caption=\"Karte Nr. 1 von 1980\"><img decoding=\"async\" aria-describedby=\"caption-attachment-1397\" class=\"size-medium wp-image-1397\" src=\"https:\/\/lorrikeet.de\/wp-content\/uploads\/2013\/04\/IMGP1305230016_sw-300x225.jpg\" alt=\"Karte Nr. 1 von 1980\" width=\"300\" height=\"225\" srcset=\"https:\/\/lorrikeet.de\/wp-content\/uploads\/2013\/04\/IMGP1305230016_sw-300x225.jpg 300w, https:\/\/lorrikeet.de\/wp-content\/uploads\/2013\/04\/IMGP1305230016_sw-1024x768.jpg 1024w, https:\/\/lorrikeet.de\/wp-content\/uploads\/2013\/04\/IMGP1305230016_sw-768x576.jpg 768w, https:\/\/lorrikeet.de\/wp-content\/uploads\/2013\/04\/IMGP1305230016_sw.jpg 1280w\" sizes=\"(max-width: 300px) 100vw, 300px\" \/><\/a><p id=\"caption-attachment-1397\" class=\"wp-caption-text\">Karte Nr. 1 von 1980<\/p><\/div>\n<div id=\"attachment_1398\" style=\"width: 219px\" class=\"wp-caption alignright\"><a href=\"https:\/\/lorrikeet.de\/wp-content\/uploads\/2013\/04\/IMGP1305230019_a.jpg\" data-lbwps-width=\"839\" data-lbwps-height=\"1200\" data-lbwps-srcsmall=\"https:\/\/lorrikeet.de\/wp-content\/uploads\/2013\/04\/IMGP1305230019_a-210x300.jpg\" data-lbwps-caption=\"Karte 1 von 2011\"><img decoding=\"async\" aria-describedby=\"caption-attachment-1398\" class=\"size-medium wp-image-1398\" src=\"https:\/\/lorrikeet.de\/wp-content\/uploads\/2013\/04\/IMGP1305230019_a-209x300.jpg\" alt=\"Karte 1 von 2011\" width=\"209\" height=\"300\" \/><\/a><p id=\"caption-attachment-1398\" class=\"wp-caption-text\">Karte 1 von 2011<\/p><\/div>\n","protected":false},"excerpt":{"rendered":"<p>Die Steuertabelle hat definitiv nichts mit der Einkommenssteuer zu tun,\u00a0 sondern gibt an, welcher Kompasskurs bei einem vorgegebenem missweisendem Kurs zu steuern ist. Sie wird graphisch aus der \u00fcber dem Kompasskurs aufgetragenen Ablenkung des Kompass&#8216; ermittelt. Dabei hat mich die &hellip; <a href=\"https:\/\/lorrikeet.de\/?page_id=1187\">Weiterlesen <span class=\"meta-nav\">&rarr;<\/span><\/a><\/p>\n","protected":false},"author":2,"featured_media":0,"parent":636,"menu_order":0,"comment_status":"open","ping_status":"closed","template":"","meta":{"footnotes":""},"class_list":["post-1187","page","type-page","status-publish","hentry"],"_links":{"self":[{"href":"https:\/\/lorrikeet.de\/index.php?rest_route=\/wp\/v2\/pages\/1187","targetHints":{"allow":["GET"]}}],"collection":[{"href":"https:\/\/lorrikeet.de\/index.php?rest_route=\/wp\/v2\/pages"}],"about":[{"href":"https:\/\/lorrikeet.de\/index.php?rest_route=\/wp\/v2\/types\/page"}],"author":[{"embeddable":true,"href":"https:\/\/lorrikeet.de\/index.php?rest_route=\/wp\/v2\/users\/2"}],"replies":[{"embeddable":true,"href":"https:\/\/lorrikeet.de\/index.php?rest_route=%2Fwp%2Fv2%2Fcomments&post=1187"}],"version-history":[{"count":24,"href":"https:\/\/lorrikeet.de\/index.php?rest_route=\/wp\/v2\/pages\/1187\/revisions"}],"predecessor-version":[{"id":2947,"href":"https:\/\/lorrikeet.de\/index.php?rest_route=\/wp\/v2\/pages\/1187\/revisions\/2947"}],"up":[{"embeddable":true,"href":"https:\/\/lorrikeet.de\/index.php?rest_route=\/wp\/v2\/pages\/636"}],"wp:attachment":[{"href":"https:\/\/lorrikeet.de\/index.php?rest_route=%2Fwp%2Fv2%2Fmedia&parent=1187"}],"curies":[{"name":"wp","href":"https:\/\/api.w.org\/{rel}","templated":true}]}}